{"id":221,"date":"2019-03-04T14:45:48","date_gmt":"2019-03-04T12:45:48","guid":{"rendered":"http:\/\/imet.ee\/?page_id=221"},"modified":"2022-08-15T15:13:49","modified_gmt":"2022-08-15T12:13:49","slug":"teenused","status":"publish","type":"page","link":"https:\/\/imet.ee\/fi\/teenused\/","title":{"rendered":"Viilhallid"},"content":{"rendered":"\n<figure class=\"wp-block-image\"><img loading=\"lazy\" decoding=\"async\" width=\"1024\" height=\"618\" src=\"http:\/\/imet.ee\/wp-content\/uploads\/2022\/08\/Metaprint-002-1024x618.jpg\" alt=\"\" class=\"wp-image-315\" srcset=\"https:\/\/imet.ee\/wp-content\/uploads\/2022\/08\/Metaprint-002-1024x618.jpg 1024w, https:\/\/imet.ee\/wp-content\/uploads\/2022\/08\/Metaprint-002-300x181.jpg 300w, https:\/\/imet.ee\/wp-content\/uploads\/2022\/08\/Metaprint-002.jpg 1489w\" sizes=\"auto, (max-width: 1024px) 100vw, 1024px\" \/><\/figure>\n\n\n\n<p>Valmistame vastavalt tellija soovile erinevate lahendustega tootmis- v\u00f5i laohalle. Konstruktsioone saab projekteerida vastavalt vajadusele, arvestades seinakatte materjali. S\u00e4ndwich-paneel-, plekk-, v\u00f5i PVC. Arvestades tellija spetsiifili soove ja vajadusi, projekteerime, toodame, ning ka paigaldame.<\/p>\n","protected":false},"excerpt":{"rendered":"<p>Valmistame vastavalt tellija soovile erinevate lahendustega tootmis- v\u00f5i laohalle. Konstruktsioone saab projekteerida vastavalt vajadusele, arvestades seinakatte materjali. S\u00e4ndwich-paneel-, plekk-, v\u00f5i PVC. Arvestades tellija spetsiifili soove ja vajadusi, projekteerime, toodame, ning ka paigaldame.<\/p>\n","protected":false},"author":2,"featured_media":223,"parent":0,"menu_order":5,"comment_status":"closed","ping_status":"closed","template":"","meta":{"footnotes":""},"class_list":["post-221","page","type-page","status-publish","has-post-thumbnail","hentry"],"_links":{"self":[{"href":"https:\/\/imet.ee\/fi\/wp-json\/wp\/v2\/pages\/221","targetHints":{"allow":["GET"]}}],"collection":[{"href":"https:\/\/imet.ee\/fi\/wp-json\/wp\/v2\/pages"}],"about":[{"href":"https:\/\/imet.ee\/fi\/wp-json\/wp\/v2\/types\/page"}],"author":[{"embeddable":true,"href":"https:\/\/imet.ee\/fi\/wp-json\/wp\/v2\/users\/2"}],"replies":[{"embeddable":true,"href":"https:\/\/imet.ee\/fi\/wp-json\/wp\/v2\/comments?post=221"}],"version-history":[{"count":10,"href":"https:\/\/imet.ee\/fi\/wp-json\/wp\/v2\/pages\/221\/revisions"}],"predecessor-version":[{"id":324,"href":"https:\/\/imet.ee\/fi\/wp-json\/wp\/v2\/pages\/221\/revisions\/324"}],"wp:featuredmedia":[{"embeddable":true,"href":"https:\/\/imet.ee\/fi\/wp-json\/wp\/v2\/media\/223"}],"wp:attachment":[{"href":"https:\/\/imet.ee\/fi\/wp-json\/wp\/v2\/media?parent=221"}],"curies":[{"name":"wp","href":"https:\/\/api.w.org\/{rel}","templated":true}]}}