{"id":102,"date":"2018-11-07T13:40:02","date_gmt":"2018-11-07T11:40:02","guid":{"rendered":"http:\/\/imet.ee\/?page_id=102"},"modified":"2022-12-22T13:57:56","modified_gmt":"2022-12-22T11:57:56","slug":"etusivu","status":"publish","type":"page","link":"https:\/\/imet.ee\/fi\/","title":{"rendered":"Yrityksest\u00e4"},"content":{"rendered":"\t\t<div data-elementor-type=\"wp-page\" data-elementor-id=\"102\" class=\"elementor elementor-102\">\n\t\t\t\t\t\t\t\t\t<section class=\"elementor-section elementor-top-section elementor-element elementor-element-2a852b1d elementor-section-boxed elementor-section-height-default elementor-section-height-default\" data-id=\"2a852b1d\" data-element_type=\"section\">\n\t\t\t\t\t\t<div class=\"elementor-container elementor-column-gap-default\">\n\t\t\t\t\t<div class=\"elementor-column elementor-col-100 elementor-top-column elementor-element elementor-element-4b9a9a08\" data-id=\"4b9a9a08\" data-element_type=\"column\">\n\t\t\t<div class=\"elementor-widget-wrap elementor-element-populated\">\n\t\t\t\t\t\t\t\t<div class=\"elementor-element elementor-element-9a610f6 elementor-aspect-ratio-169 elementor-widget elementor-widget-video\" data-id=\"9a610f6\" data-element_type=\"widget\" data-settings=\"{&quot;youtube_url&quot;:&quot;https:\\\/\\\/youtu.be\\\/MGxXRNi-_G8&quot;,&quot;yt_privacy&quot;:&quot;yes&quot;,&quot;video_type&quot;:&quot;youtube&quot;,&quot;aspect_ratio&quot;:&quot;169&quot;}\" data-widget_type=\"video.default\">\n\t\t\t\t<div class=\"elementor-widget-container\">\n\t\t\t<style>\/*! elementor - v3.9.0 - 06-12-2022 *\/\n.elementor-widget-video .elementor-widget-container{overflow:hidden;transform:translateZ(0)}.elementor-widget-video .elementor-open-inline .elementor-custom-embed-image-overlay{position:absolute;top:0;left:0;width:100%;height:100%;background-size:cover;background-position:50%}.elementor-widget-video .elementor-custom-embed-image-overlay{cursor:pointer;text-align:center}.elementor-widget-video .elementor-custom-embed-image-overlay:hover .elementor-custom-embed-play i{opacity:1}.elementor-widget-video .elementor-custom-embed-image-overlay img{display:block;width:100%}.elementor-widget-video .e-hosted-video .elementor-video{-o-object-fit:cover;object-fit:cover}.e-con-inner>.elementor-widget-video,.e-con>.elementor-widget-video{width:var(--container-widget-width);--flex-grow:var(--container-widget-flex-grow)}<\/style>\t\t<div class=\"elementor-wrapper elementor-fit-aspect-ratio elementor-open-inline\">\n\t\t\t<div class=\"elementor-video\"><\/div>\t\t<\/div>\n\t\t\t\t<\/div>\n\t\t\t\t<\/div>\n\t\t\t\t<div class=\"elementor-element elementor-element-3ed0bfbc elementor-widget elementor-widget-text-editor\" data-id=\"3ed0bfbc\" data-element_type=\"widget\" data-widget_type=\"text-editor.default\">\n\t\t\t\t<div class=\"elementor-widget-container\">\n\t\t\t<style>\/*! elementor - v3.9.0 - 06-12-2022 *\/\n.elementor-widget-text-editor.elementor-drop-cap-view-stacked .elementor-drop-cap{background-color:#818a91;color:#fff}.elementor-widget-text-editor.elementor-drop-cap-view-framed .elementor-drop-cap{color:#818a91;border:3px solid;background-color:transparent}.elementor-widget-text-editor:not(.elementor-drop-cap-view-default) .elementor-drop-cap{margin-top:8px}.elementor-widget-text-editor:not(.elementor-drop-cap-view-default) .elementor-drop-cap-letter{width:1em;height:1em}.elementor-widget-text-editor .elementor-drop-cap{float:left;text-align:center;line-height:1;font-size:50px}.elementor-widget-text-editor .elementor-drop-cap-letter{display:inline-block}<\/style>\t\t\t\t<p><span id=\"result_box\" lang=\"fi\">INDUSTRIAL METAL O\u00dc tarjoaa metallirakenteiden, rakennusosien ja asennusten valmistusta. Olemme erikoistuneet ter\u00e4srakenteiden valmistukseen, joka tarjoaa kokonaisratkaisun: auttaa kehitt\u00e4m\u00e4\u00e4n ja visualisoimaan ideaa tuotteen suunnittelusta ja valmistuksesta, viimeistelyst\u00e4, asennuksesta ja asennuksesta. Valmistamme my\u00f6s alumiini- ja ruostumattomasta ter\u00e4ksest\u00e4 valmistettuja rakenteita.<\/span><\/p><p>Omistamme sertifikaatit EN1090-2 EXC2 ja EVS-NE ISO3834-3 ja valmistusrakenteet ja komponentit n\u00e4iden standardien mukaisesti.<\/p><p>T\u00e4rkeimm\u00e4t vahvuuksemme ovat korkeat tuotannon laatu, tarkat toimitusajat ja kilpailukykyinen hinta. Tuotteiden laatua asiakkaillemme takaa suuri vastuu ja ammattitaitoinen tiimi.<\/p>\t\t\t\t\t\t<\/div>\n\t\t\t\t<\/div>\n\t\t\t\t\t<\/div>\n\t\t<\/div>\n\t\t\t\t\t\t\t<\/div>\n\t\t<\/section>\n\t\t\t\t\t\t\t<\/div>\n\t\t","protected":false},"excerpt":{"rendered":"<p>https:\/\/youtu.be\/MGxXRNi-_G8 INDUSTRIAL METAL O\u00dc tarjoaa metallirakenteiden, rakennusosien ja asennusten valmistusta. Olemme erikoistuneet ter\u00e4srakenteiden valmistukseen, joka tarjoaa kokonaisratkaisun: auttaa kehitt\u00e4m\u00e4\u00e4n ja visualisoimaan ideaa tuotteen suunnittelusta ja valmistuksesta, viimeistelyst\u00e4, asennuksesta ja asennuksesta. Valmistamme my\u00f6s alumiini- ja ruostumattomasta ter\u00e4ksest\u00e4 valmistettuja rakenteita. Omistamme sertifikaatit<\/p>\n","protected":false},"author":2,"featured_media":0,"parent":0,"menu_order":3,"comment_status":"closed","ping_status":"closed","template":"","meta":{"footnotes":""},"class_list":["post-102","page","type-page","status-publish","hentry"],"_links":{"self":[{"href":"https:\/\/imet.ee\/fi\/wp-json\/wp\/v2\/pages\/102","targetHints":{"allow":["GET"]}}],"collection":[{"href":"https:\/\/imet.ee\/fi\/wp-json\/wp\/v2\/pages"}],"about":[{"href":"https:\/\/imet.ee\/fi\/wp-json\/wp\/v2\/types\/page"}],"author":[{"embeddable":true,"href":"https:\/\/imet.ee\/fi\/wp-json\/wp\/v2\/users\/2"}],"replies":[{"embeddable":true,"href":"https:\/\/imet.ee\/fi\/wp-json\/wp\/v2\/comments?post=102"}],"version-history":[{"count":13,"href":"https:\/\/imet.ee\/fi\/wp-json\/wp\/v2\/pages\/102\/revisions"}],"predecessor-version":[{"id":473,"href":"https:\/\/imet.ee\/fi\/wp-json\/wp\/v2\/pages\/102\/revisions\/473"}],"wp:attachment":[{"href":"https:\/\/imet.ee\/fi\/wp-json\/wp\/v2\/media?parent=102"}],"curies":[{"name":"wp","href":"https:\/\/api.w.org\/{rel}","templated":true}]}}