{"id":479,"date":"2023-06-29T14:00:13","date_gmt":"2023-06-29T11:00:13","guid":{"rendered":"https:\/\/imet.ee\/?page_id=479"},"modified":"2023-09-08T11:58:45","modified_gmt":"2023-09-08T08:58:45","slug":"koolitus","status":"publish","type":"page","link":"https:\/\/imet.ee\/en\/koolitus\/","title":{"rendered":"Koolitus"},"content":{"rendered":"\t\t<div data-elementor-type=\"wp-page\" data-elementor-id=\"479\" class=\"elementor elementor-479\">\n\t\t\t\t\t\t\t\t\t<section class=\"elementor-section elementor-top-section elementor-element elementor-element-46898274 elementor-section-boxed elementor-section-height-default elementor-section-height-default\" data-id=\"46898274\" data-element_type=\"section\">\n\t\t\t\t\t\t<div class=\"elementor-container elementor-column-gap-default\">\n\t\t\t\t\t<div class=\"elementor-column elementor-col-100 elementor-top-column elementor-element elementor-element-1783cc93\" data-id=\"1783cc93\" data-element_type=\"column\">\n\t\t\t<div class=\"elementor-widget-wrap elementor-element-populated\">\n\t\t\t\t\t\t\t\t<div class=\"elementor-element elementor-element-5db75500 elementor-widget elementor-widget-text-editor\" data-id=\"5db75500\" data-element_type=\"widget\" data-widget_type=\"text-editor.default\">\n\t\t\t\t<div class=\"elementor-widget-container\">\n\t\t\t<style>\/*! elementor - v3.9.0 - 06-12-2022 *\/\n.elementor-widget-text-editor.elementor-drop-cap-view-stacked .elementor-drop-cap{background-color:#818a91;color:#fff}.elementor-widget-text-editor.elementor-drop-cap-view-framed .elementor-drop-cap{color:#818a91;border:3px solid;background-color:transparent}.elementor-widget-text-editor:not(.elementor-drop-cap-view-default) .elementor-drop-cap{margin-top:8px}.elementor-widget-text-editor:not(.elementor-drop-cap-view-default) .elementor-drop-cap-letter{width:1em;height:1em}.elementor-widget-text-editor .elementor-drop-cap{float:left;text-align:center;line-height:1;font-size:50px}.elementor-widget-text-editor .elementor-drop-cap-letter{display:inline-block}<\/style>\t\t\t\t<p><!-- wp:paragraph --><\/p>\n<p><strong>LASERKEEVITUS KOOLITUS &#8211; 165 AT&nbsp;<\/strong><strong><\/strong><\/p>\n<p><!-- \/wp:paragraph --><\/p>\n<p><!-- wp:paragraph --><\/p>\n<p>Laserkeevitus on uuenduslik ja t\u00f5hus laserkiirguse kasutamisel p\u00f5hinev metalldetailide \u00fchendamise protsess. Sellel on palju eeliseid v\u00f5rreldes teiste keevitusmeetoditega ja seda kasutatakse laialdaselt erinevates t\u00f6\u00f6stusharudes, sealhulgas autot\u00f6\u00f6stuses, lennunduses, meditsiinis ja paljudes teistes.&nbsp;<\/p>\n<p><!-- \/wp:paragraph --><\/p>\n<p><!-- wp:paragraph --><\/p>\n<p>Oluline on m\u00e4rkida, et laserkeevitus n\u00f5uab professionaalseid oskusi ja seadmeid. See on keeruline protsess, mis n\u00f5uab keevitusparameetrite \u00f5iget seadistamist, kvaliteedikontrolli ja ohutust.<\/p>\n<p><!-- \/wp:paragraph --><\/p>\n<p><!-- wp:paragraph --><\/p>\n<p><strong>80 Akadeemilist tundi, millest<\/strong><strong><\/strong><\/p>\n<p><!-- \/wp:paragraph --><\/p>\n<p><!-- wp:paragraph --><\/p>\n<p><strong>20&nbsp;&nbsp;ak.t.<\/strong> on teooriat<br><strong>60&nbsp;ak.t.<\/strong> on praktikat<\/p>\n<p><!-- \/wp:paragraph --><\/p>\n<p><!-- wp:paragraph --><\/p>\n<p><strong>5 ak.t.<\/strong> on erialane n\u00f5ustamine<\/p>\n<p><!-- \/wp:paragraph --><\/p>\n<p><!-- wp:paragraph --><\/p>\n<p><strong>KOOLITUSE TOIMUMISE AEG<\/strong><strong><\/strong><\/p>\n<p><!-- \/wp:paragraph --><\/p>\n<p><!-- wp:paragraph --><\/p>\n<p>Toimuvad eelneva registreerimise p\u00f5hjal Teile mugaval ajal.<\/p>\n<p><!-- \/wp:paragraph --><\/p>\n<p><!-- wp:paragraph --><\/p>\n<p><strong>25.09.23<\/strong> &#8211; Registreerimine avatud<\/p>\n<p><!-- \/wp:paragraph --><\/p>\n<p><!-- wp:paragraph --><\/p>\n<p><strong>Registreerimine kohapeal, e-posti teel v\u00f5i telefoni kaudu.<\/strong><\/p>\n<p><!-- \/wp:paragraph --><\/p>\n<p><!-- wp:paragraph --><\/p>\n<p>Tel. (+372) 555 758 11<\/p>\n<p><!-- \/wp:paragraph --><\/p>\n<p><!-- wp:paragraph --><\/p>\n<p><a href=\"https:\/\/e.mail.ru\/compose?To=industrialmetal.ou@gmail.com\">industrialmetal.ou@gmail.com<\/a><\/p>\n<p><!-- \/wp:paragraph --><\/p>\t\t\t\t\t\t<\/div>\n\t\t\t\t<\/div>\n\t\t\t\t<div class=\"elementor-element elementor-element-1a0f4c8 elementor-widget elementor-widget-heading\" data-id=\"1a0f4c8\" data-element_type=\"widget\" data-widget_type=\"heading.default\">\n\t\t\t\t<div class=\"elementor-widget-container\">\n\t\t\t<style>\/*! elementor - v3.9.0 - 06-12-2022 *\/\n.elementor-heading-title{padding:0;margin:0;line-height:1}.elementor-widget-heading .elementor-heading-title[class*=elementor-size-]>a{color:inherit;font-size:inherit;line-height:inherit}.elementor-widget-heading .elementor-heading-title.elementor-size-small{font-size:15px}.elementor-widget-heading .elementor-heading-title.elementor-size-medium{font-size:19px}.elementor-widget-heading .elementor-heading-title.elementor-size-large{font-size:29px}.elementor-widget-heading .elementor-heading-title.elementor-size-xl{font-size:39px}.elementor-widget-heading .elementor-heading-title.elementor-size-xxl{font-size:59px}<\/style><h4 class=\"elementor-heading-title elementor-size-default\">Dokumendid<\/h4>\t\t<\/div>\n\t\t\t\t<\/div>\n\t\t\t\t<div class=\"elementor-element elementor-element-55e5732 elementor-widget elementor-widget-button\" data-id=\"55e5732\" data-element_type=\"widget\" data-widget_type=\"button.default\">\n\t\t\t\t<div class=\"elementor-widget-container\">\n\t\t\t\t\t<div class=\"elementor-button-wrapper\">\n\t\t\t<a href=\"http:\/\/imet.ee\/wp-content\/uploads\/2023\/08\/Laserkeevitaja-taiendkoolituse-luhioppekava-IM-new.pdf\" target=\"_blank\" class=\"elementor-button-link elementor-button elementor-size-sm\" role=\"button\">\n\t\t\t\t\t\t<span class=\"elementor-button-content-wrapper\">\n\t\t\t\t\t\t\t<span class=\"elementor-button-icon elementor-align-icon-left\">\n\t\t\t\t<i aria-hidden=\"true\" class=\"far fa-file-pdf\"><\/i>\t\t\t<\/span>\n\t\t\t\t\t\t<span class=\"elementor-button-text\">\u00d5PPEKAVA<\/span>\n\t\t<\/span>\n\t\t\t\t\t<\/a>\n\t\t<\/div>\n\t\t\t\t<\/div>\n\t\t\t\t<\/div>\n\t\t\t\t<div class=\"elementor-element elementor-element-ce5c668 elementor-widget elementor-widget-button\" data-id=\"ce5c668\" data-element_type=\"widget\" data-widget_type=\"button.default\">\n\t\t\t\t<div class=\"elementor-widget-container\">\n\t\t\t\t\t<div class=\"elementor-button-wrapper\">\n\t\t\t<a href=\"http:\/\/imet.ee\/wp-content\/uploads\/2023\/09\/koolituste_kvaliteedi_tagamise_alused.pdf\" target=\"_blank\" class=\"elementor-button-link elementor-button elementor-size-sm\" role=\"button\">\n\t\t\t\t\t\t<span class=\"elementor-button-content-wrapper\">\n\t\t\t\t\t\t\t<span class=\"elementor-button-icon elementor-align-icon-left\">\n\t\t\t\t<i aria-hidden=\"true\" class=\"far fa-file-pdf\"><\/i>\t\t\t<\/span>\n\t\t\t\t\t\t<span class=\"elementor-button-text\">KOOLITUSTE KVALITEEDI TAGAMISE ALUSED<\/span>\n\t\t<\/span>\n\t\t\t\t\t<\/a>\n\t\t<\/div>\n\t\t\t\t<\/div>\n\t\t\t\t<\/div>\n\t\t\t\t<div class=\"elementor-element elementor-element-3b5783b elementor-widget elementor-widget-button\" data-id=\"3b5783b\" data-element_type=\"widget\" data-widget_type=\"button.default\">\n\t\t\t\t<div class=\"elementor-widget-container\">\n\t\t\t\t\t<div class=\"elementor-button-wrapper\">\n\t\t\t<a href=\"http:\/\/imet.ee\/wp-content\/uploads\/2023\/09\/oppekorralduse_alused.pdf\" target=\"_blank\" class=\"elementor-button-link elementor-button elementor-size-sm\" role=\"button\">\n\t\t\t\t\t\t<span class=\"elementor-button-content-wrapper\">\n\t\t\t\t\t\t\t<span class=\"elementor-button-icon elementor-align-icon-left\">\n\t\t\t\t<i aria-hidden=\"true\" class=\"far fa-file-pdf\"><\/i>\t\t\t<\/span>\n\t\t\t\t\t\t<span class=\"elementor-button-text\">\u00d5PPEKORRALDUSE ALUSED<\/span>\n\t\t<\/span>\n\t\t\t\t\t<\/a>\n\t\t<\/div>\n\t\t\t\t<\/div>\n\t\t\t\t<\/div>\n\t\t\t\t\t<\/div>\n\t\t<\/div>\n\t\t\t\t\t\t\t<\/div>\n\t\t<\/section>\n\t\t\t\t\t\t\t<\/div>\n\t\t","protected":false},"excerpt":{"rendered":"<p>LASERKEEVITUS KOOLITUS &#8211; 165 AT&nbsp; Laserkeevitus on uuenduslik ja t\u00f5hus laserkiirguse kasutamisel p\u00f5hinev metalldetailide \u00fchendamise protsess. Sellel on palju eeliseid v\u00f5rreldes teiste keevitusmeetoditega ja seda kasutatakse laialdaselt erinevates t\u00f6\u00f6stusharudes, sealhulgas autot\u00f6\u00f6stuses, lennunduses, meditsiinis ja paljudes teistes.&nbsp; Oluline on m\u00e4rkida, et<\/p>\n","protected":false},"author":4,"featured_media":0,"parent":0,"menu_order":0,"comment_status":"closed","ping_status":"closed","template":"","meta":{"footnotes":""},"class_list":["post-479","page","type-page","status-publish","hentry"],"_links":{"self":[{"href":"https:\/\/imet.ee\/en\/wp-json\/wp\/v2\/pages\/479","targetHints":{"allow":["GET"]}}],"collection":[{"href":"https:\/\/imet.ee\/en\/wp-json\/wp\/v2\/pages"}],"about":[{"href":"https:\/\/imet.ee\/en\/wp-json\/wp\/v2\/types\/page"}],"author":[{"embeddable":true,"href":"https:\/\/imet.ee\/en\/wp-json\/wp\/v2\/users\/4"}],"replies":[{"embeddable":true,"href":"https:\/\/imet.ee\/en\/wp-json\/wp\/v2\/comments?post=479"}],"version-history":[{"count":33,"href":"https:\/\/imet.ee\/en\/wp-json\/wp\/v2\/pages\/479\/revisions"}],"predecessor-version":[{"id":539,"href":"https:\/\/imet.ee\/en\/wp-json\/wp\/v2\/pages\/479\/revisions\/539"}],"wp:attachment":[{"href":"https:\/\/imet.ee\/en\/wp-json\/wp\/v2\/media?parent=479"}],"curies":[{"name":"wp","href":"https:\/\/api.w.org\/{rel}","templated":true}]}}